{"id":261,"date":"2024-06-09T19:59:10","date_gmt":"2024-06-09T17:59:10","guid":{"rendered":"https:\/\/e-webpro.com\/?page_id=261"},"modified":"2024-06-09T20:39:24","modified_gmt":"2024-06-09T18:39:24","slug":"paginas-web","status":"publish","type":"page","link":"https:\/\/e-webpro.com\/index.php\/paginas-web\/","title":{"rendered":"Paginas Web"},"content":{"rendered":"\t\t<div data-elementor-type=\"wp-post\" data-elementor-id=\"261\" class=\"elementor elementor-261\">\n\t\t\t\t<div class=\"elementor-element elementor-element-6be2696 e-flex e-con-boxed e-con e-parent\" data-id=\"6be2696\" data-element_type=\"container\">\n\t\t\t\t\t<div class=\"e-con-inner\">\n\t\t\t\t<div class=\"elementor-element elementor-element-4e25645 elementor-widget elementor-widget-heading\" data-id=\"4e25645\" data-element_type=\"widget\" data-widget_type=\"heading.default\">\n\t\t\t\t<div class=\"elementor-widget-container\">\n\t\t\t\t\t<h2 class=\"elementor-heading-title elementor-size-default\">\u00bfPor qu\u00e9 elegir a E-webpro | Agencia Digital ?<\/h2>\t\t\t\t<\/div>\n\t\t\t\t<\/div>\n\t\t\t\t\t<\/div>\n\t\t\t\t<\/div>\n\t\t<div class=\"elementor-element elementor-element-c2c22dc e-grid e-con-boxed e-con e-parent\" data-id=\"c2c22dc\" data-element_type=\"container\">\n\t\t\t\t\t<div class=\"e-con-inner\">\n\t\t\t\t<div class=\"elementor-element elementor-element-d7b1f8b elementor-widget elementor-widget-text-editor\" data-id=\"d7b1f8b\" data-element_type=\"widget\" data-widget_type=\"text-editor.default\">\n\t\t\t\t<div class=\"elementor-widget-container\">\n\t\t\t\t\t\t\t\t\t<p><strong>Estrategia personalizada:<\/strong>\u00a0Analizamos tu negocio, tu mercado y tus objetivos para crear una estrategia de marketing digital a medida que maximice tus resultados.<\/p><p><strong>Estrategia de SEO:<\/strong>\u00a0Mejoramos la visibilidad de tu sitio web en los motores de b\u00fasqueda para atraer m\u00e1s tr\u00e1fico org\u00e1nico y aumentar tu presencia online.<\/p><p><strong>Publicidad en redes sociales:<\/strong>\u00a0Dise\u00f1amos y gestionamos campa\u00f1as en plataformas como Facebook, Instagram, LinkedIn y m\u00e1s, para conectar con tu audiencia ideal y generar conversiones.<\/p><p>\u00a0<\/p>\t\t\t\t\t\t\t\t<\/div>\n\t\t\t\t<\/div>\n\t\t\t\t<div class=\"elementor-element elementor-element-eb933c8 elementor-widget elementor-widget-text-editor\" data-id=\"eb933c8\" data-element_type=\"widget\" data-widget_type=\"text-editor.default\">\n\t\t\t\t<div class=\"elementor-widget-container\">\n\t\t\t\t\t\t\t\t\t<p><strong>Experiencia y profesionalismo:<\/strong>\u00a0Con 8 a\u00f1os de experiencia en el sector, nuestro equipo est\u00e1 compuesto por profesionales apasionados y expertos en marketing digital.<\/p><p><strong>Resultados comprobados:<\/strong>\u00a0Hemos ayudado a numerosas empresas a crecer y alcanzar sus metas mediante estrategias de marketing digital efectivas.<\/p><p><strong>Enfoque en el cliente:<\/strong>\u00a0Nos comprometemos a entender tus necesidades y objetivos, trabajando estrechamente contigo para asegurar que nuestras soluciones est\u00e9n alineadas con tu visi\u00f3n.<\/p>\t\t\t\t\t\t\t\t<\/div>\n\t\t\t\t<\/div>\n\t\t\t\t<div class=\"elementor-element elementor-element-778a965 elementor-widget elementor-widget-text-editor\" data-id=\"778a965\" data-element_type=\"widget\" data-widget_type=\"text-editor.default\">\n\t\t\t\t<div class=\"elementor-widget-container\">\n\t\t\t\t\t\t\t\t\t<p><strong>Email marketing:<\/strong>\u00a0Desarrollamos campa\u00f1as de email marketing personalizadas que mantendr\u00e1n a tus clientes informados y comprometidos.<\/p><p><strong>Anal\u00edtica y reportes:<\/strong>\u00a0Monitoreamos y analizamos el rendimiento de todas tus campa\u00f1as, proporcionando informes detallados y ajustando las estrategias para asegurar el mejor retorno de inversi\u00f3n (ROI)<\/p>\t\t\t\t\t\t\t\t<\/div>\n\t\t\t\t<\/div>\n\t\t\t\t\t<\/div>\n\t\t\t\t<\/div>\n\t\t<div class=\"elementor-element elementor-element-44c698a e-flex e-con-boxed e-con e-parent\" data-id=\"44c698a\" data-element_type=\"container\">\n\t\t\t\t\t<div class=\"e-con-inner\">\n\t\t\t\t<div class=\"elementor-element elementor-element-bc52273 elementor-widget elementor-widget-heading\" data-id=\"bc52273\" data-element_type=\"widget\" data-widget_type=\"heading.default\">\n\t\t\t\t<div class=\"elementor-widget-container\">\n\t\t\t\t\t<h2 class=\"elementor-heading-title elementor-size-default\">PLAN DE PRECIOS | SERVICIOS DE DESARROLLO WEB<\/h2>\t\t\t\t<\/div>\n\t\t\t\t<\/div>\n\t\t\t\t\t<\/div>\n\t\t\t\t<\/div>\n\t\t<div class=\"elementor-element elementor-element-f3da31a e-grid e-con-boxed e-con e-parent\" data-id=\"f3da31a\" data-element_type=\"container\">\n\t\t\t\t\t<div class=\"e-con-inner\">\n\t\t\t\t<div class=\"elementor-element elementor-element-3ad85f5 elementor-widget elementor-widget-heading\" data-id=\"3ad85f5\" data-element_type=\"widget\" data-widget_type=\"heading.default\">\n\t\t\t\t<div class=\"elementor-widget-container\">\n\t\t\t\t\t<h2 class=\"elementor-heading-title elementor-size-default\">SITIO WEB EN  WORDPRESS <\/h2>\t\t\t\t<\/div>\n\t\t\t\t<\/div>\n\t\t<div class=\"elementor-element elementor-element-63be86e e-flex e-con-boxed e-con e-child\" data-id=\"63be86e\" data-element_type=\"container\" data-settings=\"{&quot;background_background&quot;:&quot;classic&quot;,&quot;shape_divider_top&quot;:&quot;opacity-tilt&quot;,&quot;shape_divider_bottom&quot;:&quot;opacity-tilt&quot;}\">\n\t\t\t\t\t<div class=\"e-con-inner\">\n\t\t\t\t<div class=\"elementor-shape elementor-shape-top\" aria-hidden=\"true\" data-negative=\"false\">\n\t\t\t<svg xmlns=\"http:\/\/www.w3.org\/2000\/svg\" viewBox=\"0 0 2600 131.1\" preserveAspectRatio=\"none\">\n\t<path class=\"elementor-shape-fill\" d=\"M0 0L2600 0 2600 69.1 0 0z\"\/>\n\t<path class=\"elementor-shape-fill\" style=\"opacity:0.5\" d=\"M0 0L2600 0 2600 69.1 0 69.1z\"\/>\n\t<path class=\"elementor-shape-fill\" style=\"opacity:0.25\" d=\"M2600 0L0 0 0 130.1 2600 69.1z\"\/>\n<\/svg>\t\t<\/div>\n\t\t\t\t<div class=\"elementor-shape elementor-shape-bottom\" aria-hidden=\"true\" data-negative=\"false\">\n\t\t\t<svg xmlns=\"http:\/\/www.w3.org\/2000\/svg\" viewBox=\"0 0 2600 131.1\" preserveAspectRatio=\"none\">\n\t<path class=\"elementor-shape-fill\" d=\"M0 0L2600 0 2600 69.1 0 0z\"\/>\n\t<path class=\"elementor-shape-fill\" style=\"opacity:0.5\" d=\"M0 0L2600 0 2600 69.1 0 69.1z\"\/>\n\t<path class=\"elementor-shape-fill\" style=\"opacity:0.25\" d=\"M2600 0L0 0 0 130.1 2600 69.1z\"\/>\n<\/svg>\t\t<\/div>\n\t\t\t\t<div class=\"elementor-element elementor-element-92de07a elementor-widget elementor-widget-text-editor\" data-id=\"92de07a\" data-element_type=\"widget\" data-widget_type=\"text-editor.default\">\n\t\t\t\t<div class=\"elementor-widget-container\">\n\t\t\t\t\t\t\t\t\t<ul><li>P\u00e1gina web Profesional.<\/li><li>5 p\u00e1ginas internas. Ej. Inicio-Nosotros Servicios-Cont\u00e1ctenos-Blog.<\/li><li>Sitio web Adaptable a dispositivos m\u00f3viles.<\/li><li>Administrador de contenidos.<\/li><li>Formulario de contacto.<\/li><li>Configuraci\u00f3n B\u00e1sica de SEO para mejorar posicionamiento en buscadores.<\/li><li>Configuraci\u00f3n Google Analytics.<\/li><li>Creaci\u00f3n de FAN PAGE Facebook (Opcional, si no cuenta con p\u00e1gina de Facebook)<\/li><\/ul>\t\t\t\t\t\t\t\t<\/div>\n\t\t\t\t<\/div>\n\t\t\t\t<div class=\"elementor-element elementor-element-57a95c3 elementor-widget elementor-widget-heading\" data-id=\"57a95c3\" data-element_type=\"widget\" data-widget_type=\"heading.default\">\n\t\t\t\t<div class=\"elementor-widget-container\">\n\t\t\t\t\t<h6 class=\"elementor-heading-title elementor-size-default\">Sitio Web WORDPRESS $1\u2019500.000 <\/h6>\t\t\t\t<\/div>\n\t\t\t\t<\/div>\n\t\t\t\t<div class=\"elementor-element elementor-element-05a0058 elementor-align-center elementor-widget elementor-widget-button\" data-id=\"05a0058\" data-element_type=\"widget\" data-widget_type=\"button.default\">\n\t\t\t\t<div class=\"elementor-widget-container\">\n\t\t\t\t\t\t\t\t\t<div class=\"elementor-button-wrapper\">\n\t\t\t\t\t<a class=\"elementor-button elementor-button-link elementor-size-sm elementor-animation-pulse-shrink\" href=\"#\">\n\t\t\t\t\t\t<span class=\"elementor-button-content-wrapper\">\n\t\t\t\t\t\t\t\t\t<span class=\"elementor-button-text\">M\u00e1s Informaci\u00f3n<\/span>\n\t\t\t\t\t<\/span>\n\t\t\t\t\t<\/a>\n\t\t\t\t<\/div>\n\t\t\t\t\t\t\t\t<\/div>\n\t\t\t\t<\/div>\n\t\t\t\t\t<\/div>\n\t\t\t\t<\/div>\n\t\t\t\t<div class=\"elementor-element elementor-element-b9e2af3 elementor-widget elementor-widget-heading\" data-id=\"b9e2af3\" data-element_type=\"widget\" data-widget_type=\"heading.default\">\n\t\t\t\t<div class=\"elementor-widget-container\">\n\t\t\t\t\t<h2 class=\"elementor-heading-title elementor-size-default\">TIENDA VIRTUAL SHOPIFY<\/h2>\t\t\t\t<\/div>\n\t\t\t\t<\/div>\n\t\t<div class=\"elementor-element elementor-element-2fd8450 e-flex e-con-boxed e-con e-child\" data-id=\"2fd8450\" data-element_type=\"container\" data-settings=\"{&quot;background_background&quot;:&quot;classic&quot;,&quot;shape_divider_top&quot;:&quot;opacity-tilt&quot;,&quot;shape_divider_bottom&quot;:&quot;opacity-tilt&quot;}\">\n\t\t\t\t\t<div class=\"e-con-inner\">\n\t\t\t\t<div class=\"elementor-shape elementor-shape-top\" aria-hidden=\"true\" data-negative=\"false\">\n\t\t\t<svg xmlns=\"http:\/\/www.w3.org\/2000\/svg\" viewBox=\"0 0 2600 131.1\" preserveAspectRatio=\"none\">\n\t<path class=\"elementor-shape-fill\" d=\"M0 0L2600 0 2600 69.1 0 0z\"\/>\n\t<path class=\"elementor-shape-fill\" style=\"opacity:0.5\" d=\"M0 0L2600 0 2600 69.1 0 69.1z\"\/>\n\t<path class=\"elementor-shape-fill\" style=\"opacity:0.25\" d=\"M2600 0L0 0 0 130.1 2600 69.1z\"\/>\n<\/svg>\t\t<\/div>\n\t\t\t\t<div class=\"elementor-shape elementor-shape-bottom\" aria-hidden=\"true\" data-negative=\"false\">\n\t\t\t<svg xmlns=\"http:\/\/www.w3.org\/2000\/svg\" viewBox=\"0 0 2600 131.1\" preserveAspectRatio=\"none\">\n\t<path class=\"elementor-shape-fill\" d=\"M0 0L2600 0 2600 69.1 0 0z\"\/>\n\t<path class=\"elementor-shape-fill\" style=\"opacity:0.5\" d=\"M0 0L2600 0 2600 69.1 0 69.1z\"\/>\n\t<path class=\"elementor-shape-fill\" style=\"opacity:0.25\" d=\"M2600 0L0 0 0 130.1 2600 69.1z\"\/>\n<\/svg>\t\t<\/div>\n\t\t\t\t<div class=\"elementor-element elementor-element-a184334 elementor-drop-cap-yes elementor-drop-cap-view-default elementor-widget elementor-widget-text-editor\" data-id=\"a184334\" data-element_type=\"widget\" data-settings=\"{&quot;drop_cap&quot;:&quot;yes&quot;}\" data-widget_type=\"text-editor.default\">\n\t\t\t\t<div class=\"elementor-widget-container\">\n\t\t\t\t\t\t\t\t\t<ul><li>E-commerce Profesional.<\/li><li>5 p\u00e1ginas internas. Ej. Inicio Nosotros-Productos-Cont\u00e1ctenos Blog.<\/li><li>Sitio web Adaptable a dispositivos m\u00f3viles.\u00a0<\/li><li>Carrito de compras<\/li><li>Pasarela de pagos Payu<\/li><li>Carga inicial de hasta 10 Productos<\/li><li>Administrador de contenidos.<\/li><li>Formulario de contacto.<\/li><li>Configuraci\u00f3n B\u00e1sica de SEO para mejorar posicionamiento en buscadores.<\/li><li>Configuraci\u00f3n Google Analytics.<\/li><li>Creaci\u00f3n de FAN PAGE Facebook (Opcional, si no cuenta con p\u00e1gina de Facebook)<\/li><li>La mejor relaci\u00f3n costo beneficio.<\/li><\/ul>\t\t\t\t\t\t\t\t<\/div>\n\t\t\t\t<\/div>\n\t\t\t\t<div class=\"elementor-element elementor-element-66035b0 elementor-widget elementor-widget-heading\" data-id=\"66035b0\" data-element_type=\"widget\" data-widget_type=\"heading.default\">\n\t\t\t\t<div class=\"elementor-widget-container\">\n\t\t\t\t\t<h6 class=\"elementor-heading-title elementor-size-default\">Tienda Virtual Shopify $1\u2019200.000<\/h6>\t\t\t\t<\/div>\n\t\t\t\t<\/div>\n\t\t\t\t<div class=\"elementor-element elementor-element-5ba3c5a elementor-align-center elementor-widget elementor-widget-button\" data-id=\"5ba3c5a\" data-element_type=\"widget\" data-widget_type=\"button.default\">\n\t\t\t\t<div class=\"elementor-widget-container\">\n\t\t\t\t\t\t\t\t\t<div class=\"elementor-button-wrapper\">\n\t\t\t\t\t<a class=\"elementor-button elementor-button-link elementor-size-sm elementor-animation-pulse-shrink\" href=\"#\">\n\t\t\t\t\t\t<span class=\"elementor-button-content-wrapper\">\n\t\t\t\t\t\t\t\t\t<span class=\"elementor-button-text\">M\u00e1s Informaci\u00f3n<\/span>\n\t\t\t\t\t<\/span>\n\t\t\t\t\t<\/a>\n\t\t\t\t<\/div>\n\t\t\t\t\t\t\t\t<\/div>\n\t\t\t\t<\/div>\n\t\t\t\t<div class=\"elementor-element elementor-element-ba92a0b elementor-widget elementor-widget-spacer\" data-id=\"ba92a0b\" data-element_type=\"widget\" data-widget_type=\"spacer.default\">\n\t\t\t\t<div class=\"elementor-widget-container\">\n\t\t\t\t\t\t\t<div class=\"elementor-spacer\">\n\t\t\t<div class=\"elementor-spacer-inner\"><\/div>\n\t\t<\/div>\n\t\t\t\t\t\t<\/div>\n\t\t\t\t<\/div>\n\t\t\t\t\t<\/div>\n\t\t\t\t<\/div>\n\t\t\t\t\t<\/div>\n\t\t\t\t<\/div>\n\t\t<div class=\"elementor-element elementor-element-d413e88 e-flex e-con-boxed e-con e-parent\" data-id=\"d413e88\" data-element_type=\"container\" data-settings=\"{&quot;background_background&quot;:&quot;classic&quot;}\">\n\t\t\t\t\t<div class=\"e-con-inner\">\n\t\t\t\t<div class=\"elementor-element elementor-element-8fb8617 elementor-widget elementor-widget-text-editor\" data-id=\"8fb8617\" data-element_type=\"widget\" data-widget_type=\"text-editor.default\">\n\t\t\t\t<div class=\"elementor-widget-container\">\n\t\t\t\t\t\t\t\t\t<p><strong>Observaci\u00f3n 1<\/strong>: Este ser\u00eda el costo para una p\u00e1gina web, con las caracter\u00edsticas mencionadas en la descripci\u00f3n anterior, el costo puede aumentar dependiendo de las necesidades y requerimientos finales del cliente.<\/p><p>\u00a0<\/p><p><strong>Observaci\u00f3n 2<\/strong>: El pago del Hosting no esta incluido, este pago se realiza al proveedor de servicios de hosting generalmente una vez por a\u00f1o. El cliente puede contratar directamente este servicio con el proveedor de su preferencia o aceptar nuestra recomendaci\u00f3n.<\/p>\t\t\t\t\t\t\t\t<\/div>\n\t\t\t\t<\/div>\n\t\t\t\t\t<\/div>\n\t\t\t\t<\/div>\n\t\t\t\t<\/div>\n\t\t","protected":false},"excerpt":{"rendered":"<p>\u00bfPor qu\u00e9 elegir a E-webpro | Agencia Digital ? Estrategia personalizada:\u00a0Analizamos tu negocio, tu mercado y tus objetivos para crear una estrategia de marketing digital a medida que maximice tus resultados. Estrategia de SEO:\u00a0Mejoramos la visibilidad de tu sitio web en los motores de b\u00fasqueda para atraer m\u00e1s tr\u00e1fico org\u00e1nico y aumentar tu presencia online. [&hellip;]<\/p>\n","protected":false},"author":1,"featured_media":0,"parent":0,"menu_order":0,"comment_status":"closed","ping_status":"closed","template":"","meta":{"footnotes":""},"class_list":["post-261","page","type-page","status-publish","hentry"],"_links":{"self":[{"href":"https:\/\/e-webpro.com\/index.php\/wp-json\/wp\/v2\/pages\/261","targetHints":{"allow":["GET"]}}],"collection":[{"href":"https:\/\/e-webpro.com\/index.php\/wp-json\/wp\/v2\/pages"}],"about":[{"href":"https:\/\/e-webpro.com\/index.php\/wp-json\/wp\/v2\/types\/page"}],"author":[{"embeddable":true,"href":"https:\/\/e-webpro.com\/index.php\/wp-json\/wp\/v2\/users\/1"}],"replies":[{"embeddable":true,"href":"https:\/\/e-webpro.com\/index.php\/wp-json\/wp\/v2\/comments?post=261"}],"version-history":[{"count":6,"href":"https:\/\/e-webpro.com\/index.php\/wp-json\/wp\/v2\/pages\/261\/revisions"}],"predecessor-version":[{"id":397,"href":"https:\/\/e-webpro.com\/index.php\/wp-json\/wp\/v2\/pages\/261\/revisions\/397"}],"wp:attachment":[{"href":"https:\/\/e-webpro.com\/index.php\/wp-json\/wp\/v2\/media?parent=261"}],"curies":[{"name":"wp","href":"https:\/\/api.w.org\/{rel}","templated":true}]}}