{"id":227,"date":"2023-12-16T20:35:20","date_gmt":"2023-12-16T19:35:20","guid":{"rendered":"https:\/\/e-webpro.com\/?page_id=227"},"modified":"2024-06-09T19:53:06","modified_gmt":"2024-06-09T17:53:06","slug":"marketing-digital","status":"publish","type":"page","link":"https:\/\/e-webpro.com\/index.php\/marketing-digital\/","title":{"rendered":"Marketing Digital"},"content":{"rendered":"\t\t<div data-elementor-type=\"wp-page\" data-elementor-id=\"227\" class=\"elementor elementor-227\">\n\t\t\t\t<div class=\"elementor-element elementor-element-0d11052 e-flex e-con-boxed e-con e-parent\" data-id=\"0d11052\" data-element_type=\"container\">\n\t\t\t\t\t<div class=\"e-con-inner\">\n\t\t\t\t<div class=\"elementor-element elementor-element-10c1a74 elementor-widget elementor-widget-heading\" data-id=\"10c1a74\" data-element_type=\"widget\" data-widget_type=\"heading.default\">\n\t\t\t\t<div class=\"elementor-widget-container\">\n\t\t\t\t\t<h2 class=\"elementor-heading-title elementor-size-default\">\u00bfPor qu\u00e9 elegir a E-webpro | Agencia Digital ?<\/h2>\t\t\t\t<\/div>\n\t\t\t\t<\/div>\n\t\t\t\t\t<\/div>\n\t\t\t\t<\/div>\n\t\t<div class=\"elementor-element elementor-element-ed155dd e-flex e-con-boxed e-con e-parent\" data-id=\"ed155dd\" data-element_type=\"container\">\n\t\t\t\t\t<div class=\"e-con-inner\">\n\t\t\t\t<div class=\"elementor-element elementor-element-4eb25832 elementor-widget elementor-widget-text-editor\" data-id=\"4eb25832\" data-element_type=\"widget\" data-widget_type=\"text-editor.default\">\n\t\t\t\t<div class=\"elementor-widget-container\">\n\t\t\t\t\t\t\t\t\t<p><\/p>\n<div>\n<p><strong>Experiencia y profesionalismo:<\/strong> Con 8 a\u00f1os de experiencia en el sector, nuestro equipo est\u00e1 compuesto por profesionales apasionados y expertos en marketing digital.<\/p>\n<p><strong>Resultados comprobados:<\/strong> Hemos ayudado a numerosas empresas a crecer y alcanzar sus metas mediante estrategias de marketing digital efectivas.<\/p>\n<p><strong>Enfoque en el cliente:<\/strong> Nos comprometemos a entender tus necesidades y objetivos, trabajando estrechamente contigo para asegurar que nuestras soluciones est\u00e9n alineadas con tu visi\u00f3n.<\/p>\n<p><strong>Estrategia personalizada:<\/strong> Analizamos tu negocio, tu mercado y tus objetivos para crear una estrategia de marketing digital a medida que maximice tus resultados.<\/p>\n<p><strong>Estrategia de SEO:<\/strong> Mejoramos la visibilidad de tu sitio web en los motores de b\u00fasqueda para atraer m\u00e1s tr\u00e1fico org\u00e1nico y aumentar tu presencia online.<\/p>\n<p><strong>Publicidad en redes sociales:<\/strong> Dise\u00f1amos y gestionamos campa\u00f1as en plataformas como Facebook, Instagram, LinkedIn y m\u00e1s, para conectar con tu audiencia ideal y generar conversiones.<\/p>\n<p><strong style=\"color: var( --e-global-color-text ); font-family: var( --e-global-typography-text-font-family ), Sans-serif; text-align: var(--text-align); background-color: var(--wp--preset--color--base); font-size: var(--wp--preset--font-size--body-text);\">Email marketing:<\/strong><span style=\"color: var( --e-global-color-text ); font-family: var( --e-global-typography-text-font-family ), Sans-serif; font-weight: var( --e-global-typography-text-font-weight ); text-align: var(--text-align); background-color: var(--wp--preset--color--base); font-size: var(--wp--preset--font-size--body-text);\"> Desarrollamos campa\u00f1as de email marketing personalizadas que mantendr\u00e1n a tus clientes informados y comprometidos.<\/span><\/p>\n<p><strong>Anal\u00edtica y reportes:<\/strong> Monitoreamos y analizamos el rendimiento de todas tus campa\u00f1as, proporcionando informes detallados y ajustando las estrategias para asegurar el mejor retorno de inversi\u00f3n (ROI)<\/p>\n<p>\u00a0<\/p>\n<\/div>\n<div data-id=\"s1NEuA\">\n<section>\n<div>\n<div>\n<div data-id=\"z1kQzF\">\n<div>\n<p><\/p>\n<\/div>\n<\/div>\n<\/div>\n<p><!-- \/wp:gutenverse\/column --><\/p>\n<\/div>\n<\/section>\n<\/div>\n<p><!-- \/wp:gutenverse\/section --><\/p>\t\t\t\t\t\t\t\t<\/div>\n\t\t\t\t<\/div>\n\t\t\t\t\t<\/div>\n\t\t\t\t<\/div>\n\t\t<div class=\"elementor-element elementor-element-10355ce e-flex e-con-boxed e-con e-parent\" data-id=\"10355ce\" data-element_type=\"container\">\n\t\t\t\t\t<div class=\"e-con-inner\">\n\t\t\t\t<div class=\"elementor-element elementor-element-26d9128 elementor-widget elementor-widget-heading\" data-id=\"26d9128\" data-element_type=\"widget\" data-widget_type=\"heading.default\">\n\t\t\t\t<div class=\"elementor-widget-container\">\n\t\t\t\t\t<h2 class=\"elementor-heading-title elementor-size-default\"><br><br>PLAN DE PRECIOS | SERVICIOS DE MERKETING DIGITAL<br><br><\/h2>\t\t\t\t<\/div>\n\t\t\t\t<\/div>\n\t\t\t\t\t<\/div>\n\t\t\t\t<\/div>\n\t\t<div class=\"elementor-element elementor-element-c9bc9df e-flex e-con-boxed e-con e-parent\" data-id=\"c9bc9df\" data-element_type=\"container\">\n\t\t\t\t\t<div class=\"e-con-inner\">\n\t\t\t\t<div class=\"elementor-element elementor-element-3d7e1b6 elementor-widget elementor-widget-heading\" data-id=\"3d7e1b6\" data-element_type=\"widget\" data-widget_type=\"heading.default\">\n\t\t\t\t<div class=\"elementor-widget-container\">\n\t\t\t\t\t<h2 class=\"elementor-heading-title elementor-size-default\">Plan B\u00e1sico - Iniciador Digital<\/h2>\t\t\t\t<\/div>\n\t\t\t\t<\/div>\n\t\t<div class=\"elementor-element elementor-element-48d05a1 e-con-full e-flex e-con e-child\" data-id=\"48d05a1\" data-element_type=\"container\" data-settings=\"{&quot;background_background&quot;:&quot;classic&quot;}\">\n\t\t<div class=\"elementor-element elementor-element-01a1e7a e-flex e-con-boxed e-con e-child\" data-id=\"01a1e7a\" data-element_type=\"container\">\n\t\t\t\t\t<div class=\"e-con-inner\">\n\t\t\t\t<div class=\"elementor-element elementor-element-633b33c elementor-widget elementor-widget-text-editor\" data-id=\"633b33c\" data-element_type=\"widget\" data-widget_type=\"text-editor.default\">\n\t\t\t\t<div class=\"elementor-widget-container\">\n\t\t\t\t\t\t\t\t\t<ul>\n<li>Implementar estrategia ventas online.<\/li>\n<li>Configuraci\u00f3n de dos redes sociales.<\/li>\n<li>Creaci\u00f3n y configuraci\u00f3n pixel.<\/li>\n<li>Creaci\u00f3n y configuraci\u00f3n de cat\u00e1logos para Facebook e Instagram.<\/li>\n<li>Estrategias para crecer tu comunidad de 100 a 200 Fans por mes.<\/li>\n<li>Gesti\u00f3n de Campa\u00f1a en Facebook ADS.<\/li>\n<li>Una Actualizaci\u00f3n de Contenido semanal<\/li>\n<li>Informe Mensual.<\/li>\n<\/ul>\t\t\t\t\t\t\t\t<\/div>\n\t\t\t\t<\/div>\n\t\t\t\t<div class=\"elementor-element elementor-element-cdb37fb elementor-widget elementor-widget-heading\" data-id=\"cdb37fb\" data-element_type=\"widget\" data-widget_type=\"heading.default\">\n\t\t\t\t<div class=\"elementor-widget-container\">\n\t\t\t\t\t<h5 class=\"elementor-heading-title elementor-size-default\">$1\u2018500.000  ($500.000 c\/m por 3 meses)<\/h5>\t\t\t\t<\/div>\n\t\t\t\t<\/div>\n\t\t\t\t<div class=\"elementor-element elementor-element-89de82c elementor-align-center elementor-widget elementor-widget-button\" data-id=\"89de82c\" data-element_type=\"widget\" data-widget_type=\"button.default\">\n\t\t\t\t<div class=\"elementor-widget-container\">\n\t\t\t\t\t\t\t\t\t<div class=\"elementor-button-wrapper\">\n\t\t\t\t\t<a class=\"elementor-button elementor-button-link elementor-size-sm elementor-animation-pulse-shrink\" href=\"https:\/\/wa.me\/573184529334?text=Hola,%20Buen%20dia%20Estoy%20Interesad@%20en\">\n\t\t\t\t\t\t<span class=\"elementor-button-content-wrapper\">\n\t\t\t\t\t\t\t\t\t<span class=\"elementor-button-text\">M\u00e1s Informaci\u00f3n..<\/span>\n\t\t\t\t\t<\/span>\n\t\t\t\t\t<\/a>\n\t\t\t\t<\/div>\n\t\t\t\t\t\t\t\t<\/div>\n\t\t\t\t<\/div>\n\t\t\t\t\t<\/div>\n\t\t\t\t<\/div>\n\t\t\t\t<\/div>\n\t\t\t\t\t<\/div>\n\t\t\t\t<\/div>\n\t\t<div class=\"elementor-element elementor-element-e0dd160 e-flex e-con-boxed e-con e-parent\" data-id=\"e0dd160\" data-element_type=\"container\">\n\t\t\t\t\t<div class=\"e-con-inner\">\n\t\t\t\t<div class=\"elementor-element elementor-element-cff71f0 elementor-widget elementor-widget-heading\" data-id=\"cff71f0\" data-element_type=\"widget\" data-widget_type=\"heading.default\">\n\t\t\t\t<div class=\"elementor-widget-container\">\n\t\t\t\t\t<h2 class=\"elementor-heading-title elementor-size-default\">Plan Est\u00e1ndar - Crecimiento Profesional\n<\/h2>\t\t\t\t<\/div>\n\t\t\t\t<\/div>\n\t\t<div class=\"elementor-element elementor-element-5033b8f e-con-full e-flex e-con e-child\" data-id=\"5033b8f\" data-element_type=\"container\" data-settings=\"{&quot;background_background&quot;:&quot;classic&quot;}\">\n\t\t<div class=\"elementor-element elementor-element-c96e66a e-flex e-con-boxed e-con e-child\" data-id=\"c96e66a\" data-element_type=\"container\">\n\t\t\t\t\t<div class=\"e-con-inner\">\n\t\t\t\t<div class=\"elementor-element elementor-element-1295451 elementor-widget elementor-widget-text-editor\" data-id=\"1295451\" data-element_type=\"widget\" data-widget_type=\"text-editor.default\">\n\t\t\t\t<div class=\"elementor-widget-container\">\n\t\t\t\t\t\t\t\t\t<ul>\n<li>Implementar estrategia ventas online.<\/li>\n<li>Creaci\u00f3n y configuraci\u00f3n pixel.<\/li>\n<li>Creaci\u00f3n y configuraci\u00f3n de cat\u00e1logos.<\/li>\n<li>Configuraci\u00f3n de dos redes sociales.<\/li>\n<li>Dos publicaciones semanales RRSS.<\/li>\n<li>Estrategia de viralizaci\u00f3n de contenido.<\/li>\n<li>Estrategias para crecer tu comunidad de 100 a 200 Fans por mes.<\/li>\n<li>Gesti\u00f3n de Campa\u00f1as en Facebook ADS.<\/li>\n<li>Gesti\u00f3n de Campa\u00f1as en Google ADS.<\/li>\n<li>Mantenimiento Pagina Web.<\/li>\n<li>Una Actualizaci\u00f3n de Contenido semanal.<\/li>\n<li><span style=\"font-family: var( --e-global-typography-text-font-family ), Sans-serif; font-weight: var( --e-global-typography-text-font-weight ); text-align: var(--text-align); background-color: var( --e-global-color-secondary ); font-size: var(--wp--preset--font-size--body-text);\">Un Informe Mensual.<\/span><\/li>\n<\/ul>\t\t\t\t\t\t\t\t<\/div>\n\t\t\t\t<\/div>\n\t\t\t\t<div class=\"elementor-element elementor-element-519bbaa elementor-widget elementor-widget-heading\" data-id=\"519bbaa\" data-element_type=\"widget\" data-widget_type=\"heading.default\">\n\t\t\t\t<div class=\"elementor-widget-container\">\n\t\t\t\t\t<h4 class=\"elementor-heading-title elementor-size-default\">$2\u2018100.000  ($700.000 c\/m por 3 meses)<\/h4>\t\t\t\t<\/div>\n\t\t\t\t<\/div>\n\t\t\t\t<div class=\"elementor-element elementor-element-6d62af6 elementor-button-warning elementor-align-center elementor-widget elementor-widget-button\" data-id=\"6d62af6\" data-element_type=\"widget\" data-widget_type=\"button.default\">\n\t\t\t\t<div class=\"elementor-widget-container\">\n\t\t\t\t\t\t\t\t\t<div class=\"elementor-button-wrapper\">\n\t\t\t\t\t<a class=\"elementor-button elementor-button-link elementor-size-sm elementor-animation-pulse-shrink\" href=\"#\">\n\t\t\t\t\t\t<span class=\"elementor-button-content-wrapper\">\n\t\t\t\t\t\t\t\t\t<span class=\"elementor-button-text\">M\u00e1s Informaci\u00f3n..<\/span>\n\t\t\t\t\t<\/span>\n\t\t\t\t\t<\/a>\n\t\t\t\t<\/div>\n\t\t\t\t\t\t\t\t<\/div>\n\t\t\t\t<\/div>\n\t\t\t\t\t<\/div>\n\t\t\t\t<\/div>\n\t\t\t\t<\/div>\n\t\t\t\t\t<\/div>\n\t\t\t\t<\/div>\n\t\t\t\t<\/div>\n\t\t","protected":false},"excerpt":{"rendered":"<p>\u00bfPor qu\u00e9 elegir a E-webpro | Agencia Digital ? PLAN DE PRECIOS | SERVICIOS DE MERKETING DIGITAL Plan B\u00e1sico &#8211; Iniciador Digital Implementar estrategia ventas online. Configuraci\u00f3n de dos redes sociales. Creaci\u00f3n y configuraci\u00f3n pixel. Creaci\u00f3n y configuraci\u00f3n de cat\u00e1logos para Facebook e Instagram. Estrategias para crecer tu comunidad de 100 a 200 Fans por [&hellip;]<\/p>\n","protected":false},"author":1,"featured_media":0,"parent":0,"menu_order":0,"comment_status":"closed","ping_status":"closed","template":"","meta":{"footnotes":""},"class_list":["post-227","page","type-page","status-publish","hentry"],"_links":{"self":[{"href":"https:\/\/e-webpro.com\/index.php\/wp-json\/wp\/v2\/pages\/227","targetHints":{"allow":["GET"]}}],"collection":[{"href":"https:\/\/e-webpro.com\/index.php\/wp-json\/wp\/v2\/pages"}],"about":[{"href":"https:\/\/e-webpro.com\/index.php\/wp-json\/wp\/v2\/types\/page"}],"author":[{"embeddable":true,"href":"https:\/\/e-webpro.com\/index.php\/wp-json\/wp\/v2\/users\/1"}],"replies":[{"embeddable":true,"href":"https:\/\/e-webpro.com\/index.php\/wp-json\/wp\/v2\/comments?post=227"}],"version-history":[{"count":26,"href":"https:\/\/e-webpro.com\/index.php\/wp-json\/wp\/v2\/pages\/227\/revisions"}],"predecessor-version":[{"id":384,"href":"https:\/\/e-webpro.com\/index.php\/wp-json\/wp\/v2\/pages\/227\/revisions\/384"}],"wp:attachment":[{"href":"https:\/\/e-webpro.com\/index.php\/wp-json\/wp\/v2\/media?parent=227"}],"curies":[{"name":"wp","href":"https:\/\/api.w.org\/{rel}","templated":true}]}}